{"id":389,"date":"2022-05-23T22:41:17","date_gmt":"2022-05-23T20:41:17","guid":{"rendered":"https:\/\/terezsulyok.hu\/?page_id=389"},"modified":"2022-08-03T22:37:13","modified_gmt":"2022-08-03T20:37:13","slug":"kapcsolat","status":"publish","type":"page","link":"https:\/\/terezsulyok.hu\/en\/kapcsolat\/","title":{"rendered":"Contact"},"content":{"rendered":"\t\t<div data-elementor-type=\"wp-page\" data-elementor-id=\"389\" class=\"elementor elementor-389\" data-elementor-post-type=\"page\">\n\t\t\t\t\t\t<section class=\"elementor-section elementor-top-section elementor-element elementor-element-717eda1 elementor-section-content-middle elementor-section-boxed elementor-section-height-default elementor-section-height-default\" data-id=\"717eda1\" data-element_type=\"section\" data-e-type=\"section\" data-settings=\"{&quot;background_background&quot;:&quot;classic&quot;}\">\n\t\t\t\t\t\t\t<div class=\"elementor-background-overlay\"><\/div>\n\t\t\t\t\t\t\t<div class=\"elementor-container elementor-column-gap-default\">\n\t\t\t\t\t<div class=\"elementor-column elementor-col-50 elementor-top-column elementor-element elementor-element-4246760\" data-id=\"4246760\" data-element_type=\"column\" data-e-type=\"column\">\n\t\t\t<div class=\"elementor-widget-wrap elementor-element-populated\">\n\t\t\t\t\t\t<div class=\"elementor-element elementor-element-6c46c58 elementor-widget elementor-widget-heading\" data-id=\"6c46c58\" data-element_type=\"widget\" data-e-type=\"widget\" data-widget_type=\"heading.default\">\n\t\t\t\t<div class=\"elementor-widget-container\">\n\t\t\t\t\t<h3 class=\"elementor-heading-title elementor-size-default\">Van m\u00e9g megv\u00e1laszolatlan k\u00e9rd\u00e9se?<\/h3>\t\t\t\t<\/div>\n\t\t\t\t<\/div>\n\t\t\t\t<div class=\"elementor-element elementor-element-2be53a3 elementor-widget elementor-widget-heading\" data-id=\"2be53a3\" data-element_type=\"widget\" data-e-type=\"widget\" data-widget_type=\"heading.default\">\n\t\t\t\t<div class=\"elementor-widget-container\">\n\t\t\t\t\t<h3 class=\"elementor-heading-title elementor-size-default\">Vegye fel velem a kapcsolatot!<\/h3>\t\t\t\t<\/div>\n\t\t\t\t<\/div>\n\t\t\t\t<div class=\"elementor-element elementor-element-5423ee4 elementor-widget-divider--view-line elementor-widget elementor-widget-divider\" data-id=\"5423ee4\" data-element_type=\"widget\" data-e-type=\"widget\" data-widget_type=\"divider.default\">\n\t\t\t\t<div class=\"elementor-widget-container\">\n\t\t\t\t\t\t\t<div class=\"elementor-divider\">\n\t\t\t<span class=\"elementor-divider-separator\">\n\t\t\t\t\t\t<\/span>\n\t\t<\/div>\n\t\t\t\t\t\t<\/div>\n\t\t\t\t<\/div>\n\t\t\t\t<section class=\"elementor-section elementor-inner-section elementor-element elementor-element-d80a97a elementor-section-boxed elementor-section-height-default elementor-section-height-default\" data-id=\"d80a97a\" data-element_type=\"section\" data-e-type=\"section\">\n\t\t\t\t\t\t<div class=\"elementor-container elementor-column-gap-default\">\n\t\t\t\t\t<div class=\"elementor-column elementor-col-100 elementor-inner-column elementor-element elementor-element-ce836bd\" data-id=\"ce836bd\" data-element_type=\"column\" data-e-type=\"column\" data-settings=\"{&quot;background_background&quot;:&quot;classic&quot;}\">\n\t\t\t<div class=\"elementor-widget-wrap elementor-element-populated\">\n\t\t\t\t\t<div class=\"elementor-background-overlay\"><\/div>\n\t\t\t\t\t\t<div class=\"elementor-element elementor-element-01de805 elementor-button-align-stretch elementor-widget elementor-widget-form\" data-id=\"01de805\" data-element_type=\"widget\" data-e-type=\"widget\" data-settings=\"{&quot;step_next_label&quot;:&quot;K\\u00f6vetkez\\u0151&quot;,&quot;step_previous_label&quot;:&quot;El\\u0151z\\u0151&quot;,&quot;button_width&quot;:&quot;100&quot;,&quot;step_type&quot;:&quot;number_text&quot;,&quot;step_icon_shape&quot;:&quot;circle&quot;}\" data-widget_type=\"form.default\">\n\t\t\t\t<div class=\"elementor-widget-container\">\n\t\t\t\t\t\t\t<form class=\"elementor-form\" method=\"post\" name=\"\u00daj \u0171rlap\" aria-label=\"\u00daj \u0171rlap\">\n\t\t\t<input type=\"hidden\" name=\"post_id\" value=\"389\"\/>\n\t\t\t<input type=\"hidden\" name=\"form_id\" value=\"01de805\"\/>\n\t\t\t<input type=\"hidden\" name=\"referer_title\" value=\"Kapcsolat - terezsulyok.hu\" \/>\n\n\t\t\t\t\t\t\t<input type=\"hidden\" name=\"queried_id\" value=\"389\"\/>\n\t\t\t\n\t\t\t<div class=\"elementor-form-fields-wrapper elementor-labels-above\">\n\t\t\t\t\t\t\t\t<div class=\"elementor-field-type-text elementor-field-group elementor-column elementor-field-group-name elementor-col-100 elementor-field-required elementor-mark-required\">\n\t\t\t\t\t\t\t\t\t\t\t\t<label for=\"form-field-name\" class=\"elementor-field-label\">\n\t\t\t\t\t\t\t\tN\u00e9v\t\t\t\t\t\t\t<\/label>\n\t\t\t\t\t\t\t\t\t\t\t\t\t\t<input size=\"1\" type=\"text\" name=\"form_fields[name]\" id=\"form-field-name\" class=\"elementor-field elementor-size-sm  elementor-field-textual\" placeholder=\"N\u00e9v\" required=\"required\">\n\t\t\t\t\t\t\t\t\t\t\t<\/div>\n\t\t\t\t\t\t\t\t<div class=\"elementor-field-type-email elementor-field-group elementor-column elementor-field-group-email elementor-col-100 elementor-field-required elementor-mark-required\">\n\t\t\t\t\t\t\t\t\t\t\t\t<label for=\"form-field-email\" class=\"elementor-field-label\">\n\t\t\t\t\t\t\t\tEmail\t\t\t\t\t\t\t<\/label>\n\t\t\t\t\t\t\t\t\t\t\t\t\t\t<input size=\"1\" type=\"email\" name=\"form_fields[email]\" id=\"form-field-email\" class=\"elementor-field elementor-size-sm  elementor-field-textual\" placeholder=\"Email\" required=\"required\">\n\t\t\t\t\t\t\t\t\t\t\t<\/div>\n\t\t\t\t\t\t\t\t<div class=\"elementor-field-type-tel elementor-field-group elementor-column elementor-field-group-field_ec9b7e3 elementor-col-100 elementor-field-required elementor-mark-required\">\n\t\t\t\t\t\t\t\t\t\t\t\t<label for=\"form-field-field_ec9b7e3\" class=\"elementor-field-label\">\n\t\t\t\t\t\t\t\tTelefonsz\u00e1m\t\t\t\t\t\t\t<\/label>\n\t\t\t\t\t\t\t\t<input size=\"1\" type=\"tel\" name=\"form_fields[field_ec9b7e3]\" id=\"form-field-field_ec9b7e3\" class=\"elementor-field elementor-size-sm  elementor-field-textual\" placeholder=\"Telefonsz\u00e1m\" required=\"required\" pattern=\"[0-9()#&amp;+*-=.]+\" title=\"Only numbers and phone characters (#, -, *, etc) are accepted.\">\n\n\t\t\t\t\t\t<\/div>\n\t\t\t\t\t\t\t\t<div class=\"elementor-field-type-textarea elementor-field-group elementor-column elementor-field-group-message elementor-col-100\">\n\t\t\t\t\t\t\t\t\t\t\t\t<label for=\"form-field-message\" class=\"elementor-field-label\">\n\t\t\t\t\t\t\t\t\u00dczenet\t\t\t\t\t\t\t<\/label>\n\t\t\t\t\t\t<textarea class=\"elementor-field-textual elementor-field  elementor-size-sm\" name=\"form_fields[message]\" id=\"form-field-message\" rows=\"4\" placeholder=\"\u00dczenet\"><\/textarea>\t\t\t\t<\/div>\n\t\t\t\t\t\t\t\t<div class=\"elementor-field-type-text\">\n\t\t\t\t\t<input size=\"1\" type=\"text\" name=\"form_fields[field_90917b1]\" id=\"form-field-field_90917b1\" class=\"elementor-field elementor-size-sm \" style=\"display:none !important;\">\t\t\t\t<\/div>\n\t\t\t\t\t\t\t\t<div class=\"elementor-field-type-acceptance elementor-field-group elementor-column elementor-field-group-field_946319d elementor-col-100 elementor-field-required elementor-mark-required\">\n\t\t\t\t\t\t\t<div class=\"elementor-field-subgroup\">\n\t\t\t<span class=\"elementor-field-option\">\n\t\t\t\t<input type=\"checkbox\" name=\"form_fields[field_946319d]\" id=\"form-field-field_946319d\" class=\"elementor-field elementor-size-sm  elementor-acceptance-field\" required=\"required\">\n\t\t\t\t<label for=\"form-field-field_946319d\">Elolvastam \u00e9s elfogadom az <a href=\"\/adatvedelmi-tajekoztato\"target!\"_blank\">Adatv\u00e9delmi T\u00e1j\u00e9koztat\u00f3t<\/a><\/label>\t\t\t<\/span>\n\t\t<\/div>\n\t\t\t\t\t\t<\/div>\n\t\t\t\t\t\t\t\t<div class=\"elementor-field-type-recaptcha elementor-field-group elementor-column elementor-field-group-field_8fc36a6 elementor-col-100\">\n\t\t\t\t\t<div class=\"elementor-field\" id=\"form-field-field_8fc36a6\"><div class=\"elementor-g-recaptcha\" data-sitekey=\"6Lec2TkhAAAAAHFB1INkrYyaU5_8dAB4ih8lujNy\" data-type=\"v2_checkbox\" data-theme=\"light\" data-size=\"normal\"><\/div><\/div>\t\t\t\t<\/div>\n\t\t\t\t\t\t\t\t<div class=\"elementor-field-group elementor-column elementor-field-type-submit elementor-col-100 e-form__buttons\">\n\t\t\t\t\t<button class=\"elementor-button elementor-size-md elementor-animation-pulse-grow\" type=\"submit\">\n\t\t\t\t\t\t<span class=\"elementor-button-content-wrapper\">\n\t\t\t\t\t\t\t\t\t\t\t\t\t\t\t\t\t\t\t\t\t\t<span class=\"elementor-button-text\">K\u00fcld\u00e9s<\/span>\n\t\t\t\t\t\t\t\t\t\t\t\t\t<\/span>\n\t\t\t\t\t<\/button>\n\t\t\t\t<\/div>\n\t\t\t<\/div>\n\t\t<\/form>\n\t\t\t\t\t\t<\/div>\n\t\t\t\t<\/div>\n\t\t\t\t\t<\/div>\n\t\t<\/div>\n\t\t\t\t\t<\/div>\n\t\t<\/section>\n\t\t\t\t\t<\/div>\n\t\t<\/div>\n\t\t\t\t<div class=\"elementor-column elementor-col-50 elementor-top-column elementor-element elementor-element-f10eef6\" data-id=\"f10eef6\" data-element_type=\"column\" data-e-type=\"column\">\n\t\t\t<div class=\"elementor-widget-wrap elementor-element-populated\">\n\t\t\t\t\t\t<section class=\"elementor-section elementor-inner-section elementor-element elementor-element-55fa976 elementor-section-boxed elementor-section-height-default elementor-section-height-default\" data-id=\"55fa976\" data-element_type=\"section\" data-e-type=\"section\">\n\t\t\t\t\t\t<div class=\"elementor-container elementor-column-gap-default\">\n\t\t\t\t\t<div class=\"elementor-column elementor-col-100 elementor-inner-column elementor-element elementor-element-879d57d\" data-id=\"879d57d\" data-element_type=\"column\" data-e-type=\"column\">\n\t\t\t<div class=\"elementor-widget-wrap elementor-element-populated\">\n\t\t\t\t\t\t<div class=\"elementor-element elementor-element-14f0673 elementor-widget elementor-widget-heading\" data-id=\"14f0673\" data-element_type=\"widget\" data-e-type=\"widget\" data-widget_type=\"heading.default\">\n\t\t\t\t<div class=\"elementor-widget-container\">\n\t\t\t\t\t<h2 class=\"elementor-heading-title elementor-size-default\">Gal\u00e9ria megk\u00f6zel\u00edthet\u0151s\u00e9ge<\/h2>\t\t\t\t<\/div>\n\t\t\t\t<\/div>\n\t\t\t\t<div class=\"elementor-element elementor-element-a129934 elementor-widget elementor-widget-google_maps\" data-id=\"a129934\" data-element_type=\"widget\" data-e-type=\"widget\" data-widget_type=\"google_maps.default\">\n\t\t\t\t<div class=\"elementor-widget-container\">\n\t\t\t\t\t\t\t<div class=\"elementor-custom-embed\">\n\t\t\t<iframe loading=\"lazy\"\n\t\t\t\t\tsrc=\"https:\/\/maps.google.com\/maps?q=2800%20Tatab%C3%A1nya%20Bajcsy%20Zsilinszky%20utca%2010.&#038;t=m&#038;z=14&#038;output=embed&#038;iwloc=near\"\n\t\t\t\t\ttitle=\"2800 Tatab\u00e1nya Bajcsy Zsilinszky utca 10.\"\n\t\t\t\t\taria-label=\"2800 Tatab\u00e1nya Bajcsy Zsilinszky utca 10.\"\n\t\t\t><\/iframe>\n\t\t<\/div>\n\t\t\t\t\t\t<\/div>\n\t\t\t\t<\/div>\n\t\t\t\t\t<\/div>\n\t\t<\/div>\n\t\t\t\t\t<\/div>\n\t\t<\/section>\n\t\t\t\t<section class=\"elementor-section elementor-inner-section elementor-element elementor-element-9770fc0 elementor-section-boxed elementor-section-height-default elementor-section-height-default\" data-id=\"9770fc0\" data-element_type=\"section\" data-e-type=\"section\" data-settings=\"{&quot;background_background&quot;:&quot;classic&quot;}\">\n\t\t\t\t\t\t<div class=\"elementor-container elementor-column-gap-default\">\n\t\t\t\t\t<div class=\"elementor-column elementor-col-100 elementor-inner-column elementor-element elementor-element-50ac3e3\" data-id=\"50ac3e3\" data-element_type=\"column\" data-e-type=\"column\">\n\t\t\t<div class=\"elementor-widget-wrap elementor-element-populated\">\n\t\t\t\t\t\t<div class=\"elementor-element elementor-element-2dbf658 elementor-widget elementor-widget-text-editor\" data-id=\"2dbf658\" data-element_type=\"widget\" data-e-type=\"widget\" data-widget_type=\"text-editor.default\">\n\t\t\t\t<div class=\"elementor-widget-container\">\n\t\t\t\t\t\t\t\t\t<p><span style=\"vertical-align: inherit;\"><span style=\"vertical-align: inherit;\"><span style=\"vertical-align: inherit;\"><span style=\"vertical-align: inherit;\">El\u00e9rhet\u0151s\u00e9g<\/span><\/span><\/span><\/span><\/p>\t\t\t\t\t\t\t\t<\/div>\n\t\t\t\t<\/div>\n\t\t\t\t<div class=\"elementor-element elementor-element-5861b11 elementor-align-center elementor-icon-list--layout-traditional elementor-list-item-link-full_width elementor-widget elementor-widget-icon-list\" data-id=\"5861b11\" data-element_type=\"widget\" data-e-type=\"widget\" data-widget_type=\"icon-list.default\">\n\t\t\t\t<div class=\"elementor-widget-container\">\n\t\t\t\t\t\t\t<ul class=\"elementor-icon-list-items\">\n\t\t\t\t\t\t\t<li class=\"elementor-icon-list-item\">\n\t\t\t\t\t\t\t\t\t\t\t<span class=\"elementor-icon-list-icon\">\n\t\t\t\t\t\t\t<i aria-hidden=\"true\" class=\"fas fa-map-pin\"><\/i>\t\t\t\t\t\t<\/span>\n\t\t\t\t\t\t\t\t\t\t<span class=\"elementor-icon-list-text\">2800 Tatab\u00e1nya Bajcsy Zsilinszky utca 10.<\/span>\n\t\t\t\t\t\t\t\t\t<\/li>\n\t\t\t\t\t\t\t\t<li class=\"elementor-icon-list-item\">\n\t\t\t\t\t\t\t\t\t\t\t<a href=\"tel:+36%2070%20931%201858\">\n\n\t\t\t\t\t\t\t\t\t\t\t\t<span class=\"elementor-icon-list-icon\">\n\t\t\t\t\t\t\t<i aria-hidden=\"true\" class=\"fas fa-phone-alt\"><\/i>\t\t\t\t\t\t<\/span>\n\t\t\t\t\t\t\t\t\t\t<span class=\"elementor-icon-list-text\">Tel: +36 70 931 1858<\/span>\n\t\t\t\t\t\t\t\t\t\t\t<\/a>\n\t\t\t\t\t\t\t\t\t<\/li>\n\t\t\t\t\t\t\t\t<li class=\"elementor-icon-list-item\">\n\t\t\t\t\t\t\t\t\t\t\t<a href=\"mailto:info@terezsulyok.hu\">\n\n\t\t\t\t\t\t\t\t\t\t\t\t<span class=\"elementor-icon-list-icon\">\n\t\t\t\t\t\t\t<i aria-hidden=\"true\" class=\"fas fa-check\"><\/i>\t\t\t\t\t\t<\/span>\n\t\t\t\t\t\t\t\t\t\t<span class=\"elementor-icon-list-text\">E-mail: info@terezsulyok.hu<\/span>\n\t\t\t\t\t\t\t\t\t\t\t<\/a>\n\t\t\t\t\t\t\t\t\t<\/li>\n\t\t\t\t\t\t<\/ul>\n\t\t\t\t\t\t<\/div>\n\t\t\t\t<\/div>\n\t\t\t\t<div class=\"elementor-element elementor-element-c7d19da elementor-grid-3 elementor-shape-rounded e-grid-align-center elementor-widget elementor-widget-social-icons\" data-id=\"c7d19da\" data-element_type=\"widget\" data-e-type=\"widget\" data-widget_type=\"social-icons.default\">\n\t\t\t\t<div class=\"elementor-widget-container\">\n\t\t\t\t\t\t\t<div class=\"elementor-social-icons-wrapper elementor-grid\">\n\t\t\t\t\t\t\t<span class=\"elementor-grid-item\">\n\t\t\t\t\t<a class=\"elementor-icon elementor-social-icon elementor-social-icon-facebook elementor-repeater-item-0353ad9\" href=\"https:\/\/www.facebook.com\/terez.sulyok.3\" target=\"_blank\">\n\t\t\t\t\t\t<span class=\"elementor-screen-only\">Facebook<\/span>\n\t\t\t\t\t\t<i aria-hidden=\"true\" class=\"fab fa-facebook\"><\/i>\t\t\t\t\t<\/a>\n\t\t\t\t<\/span>\n\t\t\t\t\t<\/div>\n\t\t\t\t\t\t<\/div>\n\t\t\t\t<\/div>\n\t\t\t\t\t<\/div>\n\t\t<\/div>\n\t\t\t\t\t<\/div>\n\t\t<\/section>\n\t\t\t\t\t<\/div>\n\t\t<\/div>\n\t\t\t\t\t<\/div>\n\t\t<\/section>\n\t\t\t\t<\/div>\n\t\t","protected":false},"excerpt":{"rendered":"<p>Van m\u00e9g megv\u00e1laszolatlan k\u00e9rd\u00e9se? Vegye fel velem a kapcsolatot! Gal\u00e9ria megk\u00f6zel\u00edthet\u0151s\u00e9ge El\u00e9rhet\u0151s\u00e9g 2800 Tatab\u00e1nya Bajcsy Zsilinszky utca 10. Tel: +36 70 931 1858 E-mail: info@terezsulyok.hu Facebook<\/p>","protected":false},"author":2,"featured_media":1254,"parent":0,"menu_order":0,"comment_status":"closed","ping_status":"closed","template":"","meta":{"footnotes":""},"class_list":["post-389","page","type-page","status-publish","has-post-thumbnail","hentry"],"yoast_head":"<!-- This site is optimized with the Yoast SEO plugin v27.3 - https:\/\/yoast.com\/product\/yoast-seo-wordpress\/ -->\n<title>Kapcsolat - terezsulyok.hu<\/title>\n<meta name=\"description\" content=\"Van m\u00e9g megv\u00e1laszolatlan k\u00e9rd\u00e9se? Vegye fel velem a kapcsolatot \u00e9s amiben tudok a seg\u00edts\u00e9g\u00e9re leszek!\" \/>\n<meta name=\"robots\" content=\"index, follow, max-snippet:-1, max-image-preview:large, max-video-preview:-1\" \/>\n<link rel=\"canonical\" href=\"https:\/\/terezsulyok.hu\/en\/kapcsolat\/\" \/>\n<meta property=\"og:locale\" content=\"en_GB\" \/>\n<meta property=\"og:type\" content=\"article\" \/>\n<meta property=\"og:title\" content=\"Kapcsolat - terezsulyok.hu\" \/>\n<meta property=\"og:description\" content=\"Van m\u00e9g megv\u00e1laszolatlan k\u00e9rd\u00e9se? Vegye fel velem a kapcsolatot \u00e9s amiben tudok a seg\u00edts\u00e9g\u00e9re leszek!\" \/>\n<meta property=\"og:url\" content=\"https:\/\/terezsulyok.hu\/en\/kapcsolat\/\" \/>\n<meta property=\"og:site_name\" content=\"terezsulyok.hu\" \/>\n<meta property=\"article:publisher\" content=\"https:\/\/www.facebook.com\/terez.sulyok.3\" \/>\n<meta property=\"article:modified_time\" content=\"2022-08-03T20:37:13+00:00\" \/>\n<meta property=\"og:image\" content=\"https:\/\/terezsulyok.hu\/wp-content\/uploads\/2022\/06\/kornyeikiallitasom.png\" \/>\n\t<meta property=\"og:image:width\" content=\"492\" \/>\n\t<meta property=\"og:image:height\" content=\"568\" \/>\n\t<meta property=\"og:image:type\" content=\"image\/png\" \/>\n<meta name=\"twitter:card\" content=\"summary_large_image\" \/>\n<meta name=\"twitter:label1\" content=\"Estimated reading time\" \/>\n\t<meta name=\"twitter:data1\" content=\"1 minute\" \/>\n<script type=\"application\/ld+json\" class=\"yoast-schema-graph\">{\"@context\":\"https:\\\/\\\/schema.org\",\"@graph\":[{\"@type\":\"WebPage\",\"@id\":\"https:\\\/\\\/terezsulyok.hu\\\/kapcsolat\\\/\",\"url\":\"https:\\\/\\\/terezsulyok.hu\\\/kapcsolat\\\/\",\"name\":\"Kapcsolat - terezsulyok.hu\",\"isPartOf\":{\"@id\":\"https:\\\/\\\/terezsulyok.hu\\\/#website\"},\"primaryImageOfPage\":{\"@id\":\"https:\\\/\\\/terezsulyok.hu\\\/kapcsolat\\\/#primaryimage\"},\"image\":{\"@id\":\"https:\\\/\\\/terezsulyok.hu\\\/kapcsolat\\\/#primaryimage\"},\"thumbnailUrl\":\"https:\\\/\\\/terezsulyok.hu\\\/wp-content\\\/uploads\\\/2022\\\/06\\\/kornyeikiallitasom.png\",\"datePublished\":\"2022-05-23T20:41:17+00:00\",\"dateModified\":\"2022-08-03T20:37:13+00:00\",\"description\":\"Van m\u00e9g megv\u00e1laszolatlan k\u00e9rd\u00e9se? Vegye fel velem a kapcsolatot \u00e9s amiben tudok a seg\u00edts\u00e9g\u00e9re leszek!\",\"breadcrumb\":{\"@id\":\"https:\\\/\\\/terezsulyok.hu\\\/kapcsolat\\\/#breadcrumb\"},\"inLanguage\":\"en-GB\",\"potentialAction\":[{\"@type\":\"ReadAction\",\"target\":[\"https:\\\/\\\/terezsulyok.hu\\\/kapcsolat\\\/\"]}]},{\"@type\":\"ImageObject\",\"inLanguage\":\"en-GB\",\"@id\":\"https:\\\/\\\/terezsulyok.hu\\\/kapcsolat\\\/#primaryimage\",\"url\":\"https:\\\/\\\/terezsulyok.hu\\\/wp-content\\\/uploads\\\/2022\\\/06\\\/kornyeikiallitasom.png\",\"contentUrl\":\"https:\\\/\\\/terezsulyok.hu\\\/wp-content\\\/uploads\\\/2022\\\/06\\\/kornyeikiallitasom.png\",\"width\":492,\"height\":568},{\"@type\":\"BreadcrumbList\",\"@id\":\"https:\\\/\\\/terezsulyok.hu\\\/kapcsolat\\\/#breadcrumb\",\"itemListElement\":[{\"@type\":\"ListItem\",\"position\":1,\"name\":\"Kezd\u0151lap\",\"item\":\"https:\\\/\\\/terezsulyok.hu\\\/\"},{\"@type\":\"ListItem\",\"position\":2,\"name\":\"Kapcsolat\"}]},{\"@type\":\"WebSite\",\"@id\":\"https:\\\/\\\/terezsulyok.hu\\\/#website\",\"url\":\"https:\\\/\\\/terezsulyok.hu\\\/\",\"name\":\"terezsulyok.hu\",\"description\":\"Hidat verni a term\u00e9szetb\u0151l a k\u00e9p fel\u00e9, a k\u00fcls\u0151b\u0151l a bels\u0151be. A m\u0171v\u00e9sz feladata, hogy a saj\u00e1tos eszk\u00f6zeivel l\u00e1thatatlant l\u00e1that\u00f3v\u00e1 tegye.\",\"publisher\":{\"@id\":\"https:\\\/\\\/terezsulyok.hu\\\/#\\\/schema\\\/person\\\/f4cb2fc5228237f9f502d346ce8adb36\"},\"potentialAction\":[{\"@type\":\"SearchAction\",\"target\":{\"@type\":\"EntryPoint\",\"urlTemplate\":\"https:\\\/\\\/terezsulyok.hu\\\/?s={search_term_string}\"},\"query-input\":{\"@type\":\"PropertyValueSpecification\",\"valueRequired\":true,\"valueName\":\"search_term_string\"}}],\"inLanguage\":\"en-GB\"},{\"@type\":[\"Person\",\"Organization\"],\"@id\":\"https:\\\/\\\/terezsulyok.hu\\\/#\\\/schema\\\/person\\\/f4cb2fc5228237f9f502d346ce8adb36\",\"name\":\"SulyokTerez\",\"image\":{\"@type\":\"ImageObject\",\"inLanguage\":\"en-GB\",\"@id\":\"https:\\\/\\\/terezsulyok.hu\\\/wp-content\\\/uploads\\\/2022\\\/05\\\/s-122-\u00d7-60-keppont-205-\u00d7-100-keppont-500-\u00d7-300-keppont-350-\u00d7-100-keppont-1.png\",\"url\":\"https:\\\/\\\/terezsulyok.hu\\\/wp-content\\\/uploads\\\/2022\\\/05\\\/s-122-\u00d7-60-keppont-205-\u00d7-100-keppont-500-\u00d7-300-keppont-350-\u00d7-100-keppont-1.png\",\"contentUrl\":\"https:\\\/\\\/terezsulyok.hu\\\/wp-content\\\/uploads\\\/2022\\\/05\\\/s-122-\u00d7-60-keppont-205-\u00d7-100-keppont-500-\u00d7-300-keppont-350-\u00d7-100-keppont-1.png\",\"width\":350,\"height\":100,\"caption\":\"SulyokTerez\"},\"logo\":{\"@id\":\"https:\\\/\\\/terezsulyok.hu\\\/wp-content\\\/uploads\\\/2022\\\/05\\\/s-122-\u00d7-60-keppont-205-\u00d7-100-keppont-500-\u00d7-300-keppont-350-\u00d7-100-keppont-1.png\"},\"sameAs\":[\"https:\\\/\\\/terezsulyok.hu\",\"https:\\\/\\\/www.facebook.com\\\/terez.sulyok.3\"]}]}<\/script>\n<!-- \/ Yoast SEO plugin. -->","yoast_head_json":{"title":"Kapcsolat - terezsulyok.hu","description":"Van m\u00e9g megv\u00e1laszolatlan k\u00e9rd\u00e9se? Vegye fel velem a kapcsolatot \u00e9s amiben tudok a seg\u00edts\u00e9g\u00e9re leszek!","robots":{"index":"index","follow":"follow","max-snippet":"max-snippet:-1","max-image-preview":"max-image-preview:large","max-video-preview":"max-video-preview:-1"},"canonical":"https:\/\/terezsulyok.hu\/en\/kapcsolat\/","og_locale":"en_GB","og_type":"article","og_title":"Kapcsolat - terezsulyok.hu","og_description":"Van m\u00e9g megv\u00e1laszolatlan k\u00e9rd\u00e9se? Vegye fel velem a kapcsolatot \u00e9s amiben tudok a seg\u00edts\u00e9g\u00e9re leszek!","og_url":"https:\/\/terezsulyok.hu\/en\/kapcsolat\/","og_site_name":"terezsulyok.hu","article_publisher":"https:\/\/www.facebook.com\/terez.sulyok.3","article_modified_time":"2022-08-03T20:37:13+00:00","og_image":[{"width":492,"height":568,"url":"https:\/\/terezsulyok.hu\/wp-content\/uploads\/2022\/06\/kornyeikiallitasom.png","type":"image\/png"}],"twitter_card":"summary_large_image","twitter_misc":{"Estimated reading time":"1 minute"},"schema":{"@context":"https:\/\/schema.org","@graph":[{"@type":"WebPage","@id":"https:\/\/terezsulyok.hu\/kapcsolat\/","url":"https:\/\/terezsulyok.hu\/kapcsolat\/","name":"Kapcsolat - terezsulyok.hu","isPartOf":{"@id":"https:\/\/terezsulyok.hu\/#website"},"primaryImageOfPage":{"@id":"https:\/\/terezsulyok.hu\/kapcsolat\/#primaryimage"},"image":{"@id":"https:\/\/terezsulyok.hu\/kapcsolat\/#primaryimage"},"thumbnailUrl":"https:\/\/terezsulyok.hu\/wp-content\/uploads\/2022\/06\/kornyeikiallitasom.png","datePublished":"2022-05-23T20:41:17+00:00","dateModified":"2022-08-03T20:37:13+00:00","description":"Van m\u00e9g megv\u00e1laszolatlan k\u00e9rd\u00e9se? Vegye fel velem a kapcsolatot \u00e9s amiben tudok a seg\u00edts\u00e9g\u00e9re leszek!","breadcrumb":{"@id":"https:\/\/terezsulyok.hu\/kapcsolat\/#breadcrumb"},"inLanguage":"en-GB","potentialAction":[{"@type":"ReadAction","target":["https:\/\/terezsulyok.hu\/kapcsolat\/"]}]},{"@type":"ImageObject","inLanguage":"en-GB","@id":"https:\/\/terezsulyok.hu\/kapcsolat\/#primaryimage","url":"https:\/\/terezsulyok.hu\/wp-content\/uploads\/2022\/06\/kornyeikiallitasom.png","contentUrl":"https:\/\/terezsulyok.hu\/wp-content\/uploads\/2022\/06\/kornyeikiallitasom.png","width":492,"height":568},{"@type":"BreadcrumbList","@id":"https:\/\/terezsulyok.hu\/kapcsolat\/#breadcrumb","itemListElement":[{"@type":"ListItem","position":1,"name":"Kezd\u0151lap","item":"https:\/\/terezsulyok.hu\/"},{"@type":"ListItem","position":2,"name":"Kapcsolat"}]},{"@type":"WebSite","@id":"https:\/\/terezsulyok.hu\/#website","url":"https:\/\/terezsulyok.hu\/","name":"terezsulyok.hu","description":"Hidat verni a term\u00e9szetb\u0151l a k\u00e9p fel\u00e9, a k\u00fcls\u0151b\u0151l a bels\u0151be. A m\u0171v\u00e9sz feladata, hogy a saj\u00e1tos eszk\u00f6zeivel l\u00e1thatatlant l\u00e1that\u00f3v\u00e1 tegye.","publisher":{"@id":"https:\/\/terezsulyok.hu\/#\/schema\/person\/f4cb2fc5228237f9f502d346ce8adb36"},"potentialAction":[{"@type":"SearchAction","target":{"@type":"EntryPoint","urlTemplate":"https:\/\/terezsulyok.hu\/?s={search_term_string}"},"query-input":{"@type":"PropertyValueSpecification","valueRequired":true,"valueName":"search_term_string"}}],"inLanguage":"en-GB"},{"@type":["Person","Organization"],"@id":"https:\/\/terezsulyok.hu\/#\/schema\/person\/f4cb2fc5228237f9f502d346ce8adb36","name":"SulyokTerez","image":{"@type":"ImageObject","inLanguage":"en-GB","@id":"https:\/\/terezsulyok.hu\/wp-content\/uploads\/2022\/05\/s-122-\u00d7-60-keppont-205-\u00d7-100-keppont-500-\u00d7-300-keppont-350-\u00d7-100-keppont-1.png","url":"https:\/\/terezsulyok.hu\/wp-content\/uploads\/2022\/05\/s-122-\u00d7-60-keppont-205-\u00d7-100-keppont-500-\u00d7-300-keppont-350-\u00d7-100-keppont-1.png","contentUrl":"https:\/\/terezsulyok.hu\/wp-content\/uploads\/2022\/05\/s-122-\u00d7-60-keppont-205-\u00d7-100-keppont-500-\u00d7-300-keppont-350-\u00d7-100-keppont-1.png","width":350,"height":100,"caption":"SulyokTerez"},"logo":{"@id":"https:\/\/terezsulyok.hu\/wp-content\/uploads\/2022\/05\/s-122-\u00d7-60-keppont-205-\u00d7-100-keppont-500-\u00d7-300-keppont-350-\u00d7-100-keppont-1.png"},"sameAs":["https:\/\/terezsulyok.hu","https:\/\/www.facebook.com\/terez.sulyok.3"]}]}},"_links":{"self":[{"href":"https:\/\/terezsulyok.hu\/en\/wp-json\/wp\/v2\/pages\/389","targetHints":{"allow":["GET"]}}],"collection":[{"href":"https:\/\/terezsulyok.hu\/en\/wp-json\/wp\/v2\/pages"}],"about":[{"href":"https:\/\/terezsulyok.hu\/en\/wp-json\/wp\/v2\/types\/page"}],"author":[{"embeddable":true,"href":"https:\/\/terezsulyok.hu\/en\/wp-json\/wp\/v2\/users\/2"}],"replies":[{"embeddable":true,"href":"https:\/\/terezsulyok.hu\/en\/wp-json\/wp\/v2\/comments?post=389"}],"version-history":[{"count":13,"href":"https:\/\/terezsulyok.hu\/en\/wp-json\/wp\/v2\/pages\/389\/revisions"}],"predecessor-version":[{"id":1690,"href":"https:\/\/terezsulyok.hu\/en\/wp-json\/wp\/v2\/pages\/389\/revisions\/1690"}],"wp:featuredmedia":[{"embeddable":true,"href":"https:\/\/terezsulyok.hu\/en\/wp-json\/wp\/v2\/media\/1254"}],"wp:attachment":[{"href":"https:\/\/terezsulyok.hu\/en\/wp-json\/wp\/v2\/media?parent=389"}],"curies":[{"name":"wp","href":"https:\/\/api.w.org\/{rel}","templated":true}]}}