{"id":522,"date":"2022-05-24T20:43:47","date_gmt":"2022-05-24T18:43:47","guid":{"rendered":"https:\/\/terezsulyok.hu\/?page_id=522"},"modified":"2022-08-03T22:29:51","modified_gmt":"2022-08-03T20:29:51","slug":"galeria-latogatas","status":"publish","type":"page","link":"https:\/\/terezsulyok.hu\/en\/galeria-latogatas\/","title":{"rendered":"Gallery visit"},"content":{"rendered":"\t\t<div data-elementor-type=\"wp-page\" data-elementor-id=\"522\" class=\"elementor elementor-522\" data-elementor-post-type=\"page\">\n\t\t\t\t\t\t<section class=\"elementor-section elementor-top-section elementor-element elementor-element-f09e124 elementor-section-content-middle elementor-section-height-min-height elementor-section-boxed elementor-section-height-default elementor-section-items-middle\" data-id=\"f09e124\" data-element_type=\"section\" data-e-type=\"section\" data-settings=\"{&quot;background_background&quot;:&quot;slideshow&quot;,&quot;background_slideshow_gallery&quot;:[{&quot;id&quot;:793,&quot;url&quot;:&quot;https:\\\/\\\/terezsulyok.hu\\\/wp-content\\\/uploads\\\/2022\\\/06\\\/st-gALERIA-3.-masolat-2.jpg&quot;},{&quot;id&quot;:792,&quot;url&quot;:&quot;https:\\\/\\\/terezsulyok.hu\\\/wp-content\\\/uploads\\\/2022\\\/06\\\/ST-Galeria-masolat.jpg&quot;},{&quot;id&quot;:791,&quot;url&quot;:&quot;https:\\\/\\\/terezsulyok.hu\\\/wp-content\\\/uploads\\\/2022\\\/06\\\/ST-Galeria-2.-masolat-2.jpg&quot;},{&quot;id&quot;:790,&quot;url&quot;:&quot;https:\\\/\\\/terezsulyok.hu\\\/wp-content\\\/uploads\\\/2022\\\/06\\\/St-gaLERIA-2-masolat-2.jpg&quot;}],&quot;background_slideshow_ken_burns&quot;:&quot;yes&quot;,&quot;background_slideshow_loop&quot;:&quot;yes&quot;,&quot;background_slideshow_slide_duration&quot;:5000,&quot;background_slideshow_slide_transition&quot;:&quot;fade&quot;,&quot;background_slideshow_transition_duration&quot;:500,&quot;background_slideshow_ken_burns_zoom_direction&quot;:&quot;in&quot;}\">\n\t\t\t\t\t\t\t<div class=\"elementor-background-overlay\"><\/div>\n\t\t\t\t\t\t\t<div class=\"elementor-container elementor-column-gap-default\">\n\t\t\t\t\t<div class=\"elementor-column elementor-col-50 elementor-top-column elementor-element elementor-element-26f1cf8\" data-id=\"26f1cf8\" data-element_type=\"column\" data-e-type=\"column\">\n\t\t\t<div class=\"elementor-widget-wrap elementor-element-populated\">\n\t\t\t\t\t\t<div class=\"elementor-element elementor-element-32843fc elementor-widget elementor-widget-heading\" data-id=\"32843fc\" data-element_type=\"widget\" data-e-type=\"widget\" data-widget_type=\"heading.default\">\n\t\t\t\t<div class=\"elementor-widget-container\">\n\t\t\t\t\t<h1 class=\"elementor-heading-title elementor-size-default\">Foglaljon id\u0151pontot most!<\/h1>\t\t\t\t<\/div>\n\t\t\t\t<\/div>\n\t\t\t\t<div class=\"elementor-element elementor-element-7b16529 elementor-hidden-mobile elementor-widget elementor-widget-spacer\" data-id=\"7b16529\" data-element_type=\"widget\" data-e-type=\"widget\" data-widget_type=\"spacer.default\">\n\t\t\t\t<div class=\"elementor-widget-container\">\n\t\t\t\t\t\t\t<div class=\"elementor-spacer\">\n\t\t\t<div class=\"elementor-spacer-inner\"><\/div>\n\t\t<\/div>\n\t\t\t\t\t\t<\/div>\n\t\t\t\t<\/div>\n\t\t\t\t<div class=\"elementor-element elementor-element-c57353a elementor-widget elementor-widget-text-editor\" data-id=\"c57353a\" data-element_type=\"widget\" data-e-type=\"widget\" data-widget_type=\"text-editor.default\">\n\t\t\t\t<div class=\"elementor-widget-container\">\n\t\t\t\t\t\t\t\t\t<p><span style=\"vertical-align: inherit;\"><span style=\"vertical-align: inherit;\"><span style=\"vertical-align: inherit;\"><span style=\"vertical-align: inherit;\">Alkot\u00e1saim megtekinthet\u0151ek a saj\u00e1t 102 m2 alapter\u00fclet\u0171 gal\u00e9ri\u00e1nkban, ahol szem\u00e9lyesen kalauzolom el a m\u0171v\u00e9szetem vil\u00e1g\u00e1ba.<\/span><\/span><\/span><\/span><\/p>\t\t\t\t\t\t\t\t<\/div>\n\t\t\t\t<\/div>\n\t\t\t\t<div class=\"elementor-element elementor-element-21416f7 elementor-hidden-mobile elementor-widget elementor-widget-spacer\" data-id=\"21416f7\" data-element_type=\"widget\" data-e-type=\"widget\" data-widget_type=\"spacer.default\">\n\t\t\t\t<div class=\"elementor-widget-container\">\n\t\t\t\t\t\t\t<div class=\"elementor-spacer\">\n\t\t\t<div class=\"elementor-spacer-inner\"><\/div>\n\t\t<\/div>\n\t\t\t\t\t\t<\/div>\n\t\t\t\t<\/div>\n\t\t\t\t<div class=\"elementor-element elementor-element-4cc2757 elementor-mobile-align-center elementor-widget elementor-widget-button\" data-id=\"4cc2757\" data-element_type=\"widget\" data-e-type=\"widget\" data-widget_type=\"button.default\">\n\t\t\t\t<div class=\"elementor-widget-container\">\n\t\t\t\t\t\t\t\t\t<div class=\"elementor-button-wrapper\">\n\t\t\t\t\t<a class=\"elementor-button elementor-button-link elementor-size-sm elementor-animation-pulse-grow\" href=\"#idopont\">\n\t\t\t\t\t\t<span class=\"elementor-button-content-wrapper\">\n\t\t\t\t\t\t\t\t\t<span class=\"elementor-button-text\">Id\u0151pontfoglal\u00e1s<\/span>\n\t\t\t\t\t<\/span>\n\t\t\t\t\t<\/a>\n\t\t\t\t<\/div>\n\t\t\t\t\t\t\t\t<\/div>\n\t\t\t\t<\/div>\n\t\t\t\t\t<\/div>\n\t\t<\/div>\n\t\t\t\t<div class=\"elementor-column elementor-col-50 elementor-top-column elementor-element elementor-element-ad47a04 elementor-hidden-mobile\" data-id=\"ad47a04\" data-element_type=\"column\" data-e-type=\"column\" data-settings=\"{&quot;background_background&quot;:&quot;classic&quot;}\">\n\t\t\t<div class=\"elementor-widget-wrap elementor-element-populated\">\n\t\t\t\t\t\t<div class=\"elementor-element elementor-element-1be2224 elementor-widget elementor-widget-image\" data-id=\"1be2224\" data-element_type=\"widget\" data-e-type=\"widget\" data-widget_type=\"image.default\">\n\t\t\t\t<div class=\"elementor-widget-container\">\n\t\t\t\t\t\t\t\t\t\t\t\t\t\t\t<img fetchpriority=\"high\" decoding=\"async\" width=\"1000\" height=\"700\" src=\"https:\/\/terezsulyok.hu\/wp-content\/uploads\/2022\/07\/Hero-joo.png\" class=\"attachment-full size-full wp-image-1467\" alt=\"\" srcset=\"https:\/\/terezsulyok.hu\/wp-content\/uploads\/2022\/07\/Hero-joo.png 1000w, https:\/\/terezsulyok.hu\/wp-content\/uploads\/2022\/07\/Hero-joo-700x490.png 700w, https:\/\/terezsulyok.hu\/wp-content\/uploads\/2022\/07\/Hero-joo-768x538.png 768w, https:\/\/terezsulyok.hu\/wp-content\/uploads\/2022\/07\/Hero-joo-18x12.png 18w\" sizes=\"(max-width: 1000px) 100vw, 1000px\" \/>\t\t\t\t\t\t\t\t\t\t\t\t\t\t\t<\/div>\n\t\t\t\t<\/div>\n\t\t\t\t\t<\/div>\n\t\t<\/div>\n\t\t\t\t\t<\/div>\n\t\t<\/section>\n\t\t\t\t<section class=\"elementor-section elementor-top-section elementor-element elementor-element-a5243d5 elementor-section-boxed elementor-section-height-default elementor-section-height-default\" data-id=\"a5243d5\" data-element_type=\"section\" data-e-type=\"section\" data-settings=\"{&quot;background_background&quot;:&quot;classic&quot;}\">\n\t\t\t\t\t\t<div class=\"elementor-container elementor-column-gap-default\">\n\t\t\t\t\t<div class=\"elementor-column elementor-col-100 elementor-top-column elementor-element elementor-element-cc45672\" data-id=\"cc45672\" data-element_type=\"column\" data-e-type=\"column\">\n\t\t\t<div class=\"elementor-widget-wrap elementor-element-populated\">\n\t\t\t\t\t\t<div class=\"elementor-element elementor-element-8305dc7 elementor-widget elementor-widget-heading\" data-id=\"8305dc7\" data-element_type=\"widget\" data-e-type=\"widget\" data-widget_type=\"heading.default\">\n\t\t\t\t<div class=\"elementor-widget-container\">\n\t\t\t\t\t<h2 class=\"elementor-heading-title elementor-size-default\">Id\u0151pontfoglal\u00e1s<\/h2>\t\t\t\t<\/div>\n\t\t\t\t<\/div>\n\t\t\t\t<div class=\"elementor-element elementor-element-88fd8ad elementor-widget elementor-widget-text-editor\" data-id=\"88fd8ad\" data-element_type=\"widget\" data-e-type=\"widget\" data-widget_type=\"text-editor.default\">\n\t\t\t\t<div class=\"elementor-widget-container\">\n\t\t\t\t\t\t\t\t\t<p><span style=\"vertical-align: inherit;\"><span style=\"vertical-align: inherit;\">Miel\u0151tt id\u0151pontot foglalna k\u00e9rem olvassa el az <a href=\"https:\/\/terezsulyok.hu\/adatvedelmi-tajekoztato\">Adatv\u00e9delmi T\u00e1j\u00e9koztat\u00f3t<\/a>!<\/span><\/span><\/p>\t\t\t\t\t\t\t\t<\/div>\n\t\t\t\t<\/div>\n\t\t\t\t\t<\/div>\n\t\t<\/div>\n\t\t\t\t\t<\/div>\n\t\t<\/section>\n\t\t\t\t<section class=\"elementor-section elementor-top-section elementor-element elementor-element-8d5385c elementor-section-boxed elementor-section-height-default elementor-section-height-default\" data-id=\"8d5385c\" data-element_type=\"section\" data-e-type=\"section\" id=\"idopont\" data-settings=\"{&quot;background_background&quot;:&quot;classic&quot;}\">\n\t\t\t\t\t\t<div class=\"elementor-container elementor-column-gap-default\">\n\t\t\t\t\t<div class=\"elementor-column elementor-col-100 elementor-top-column elementor-element elementor-element-42838a3\" data-id=\"42838a3\" data-element_type=\"column\" data-e-type=\"column\">\n\t\t\t<div class=\"elementor-widget-wrap elementor-element-populated\">\n\t\t\t\t\t\t<div class=\"elementor-element elementor-element-5e2973e elementor-widget elementor-widget-ameliabooking\" data-id=\"5e2973e\" data-element_type=\"widget\" data-e-type=\"widget\" data-widget_type=\"ameliabooking.default\">\n\t\t\t\t<div class=\"elementor-widget-container\">\n\t\t\t\t\t\n<script>\n  if (typeof hasAmeliaAppointment === 'undefined') {\n    var hasAmeliaAppointment = true;\n  }\n  if (typeof hasAppointmentApiCall === 'undefined' && '' === '') {\n    var hasAppointmentApiCall = true;\n  }\n  var hasBookingShortcode = (typeof hasBookingShortcode === 'undefined') ? false : true;\n  var bookingEntitiesIds = (typeof bookingEntitiesIds === 'undefined') ? [] : bookingEntitiesIds;\n  bookingEntitiesIds.push(\n    {\n      'hasApiCall': (typeof hasAppointmentApiCall !== 'undefined') && hasAppointmentApiCall,\n      'trigger': '',\n      'show': '',\n      'counter': '0',\n      'category': '',\n      'service': '1',\n      'employee': '1',\n      'location': ''\n    }\n  );\n  var lazyBookingEntitiesIds = (typeof lazyBookingEntitiesIds === 'undefined') ? [] : lazyBookingEntitiesIds;\n  if (bookingEntitiesIds[bookingEntitiesIds.length - 1].trigger !== '') {\n    lazyBookingEntitiesIds.push(bookingEntitiesIds.pop());\n  }\n  if (typeof hasAppointmentApiCall !== 'undefined' && hasAppointmentApiCall) {\n    hasAppointmentApiCall = false;\n  }\n<\/script>\n\n<div id=\"amelia-app-booking0\" class=\"amelia-booking amelia-frontend amelia-app-booking\">\n  <booking id=\"amelia-step-booking0\"><\/booking>\n<\/div>\n\t\t\t\t<\/div>\n\t\t\t\t<\/div>\n\t\t\t\t\t<\/div>\n\t\t<\/div>\n\t\t\t\t\t<\/div>\n\t\t<\/section>\n\t\t\t\t<\/div>\n\t\t","protected":false},"excerpt":{"rendered":"<p>Foglaljon id\u0151pontot most! Alkot\u00e1saim megtekinthet\u0151ek a saj\u00e1t 102 m2 alapter\u00fclet\u0171 gal\u00e9ri\u00e1nkban, ahol szem\u00e9lyesen kalauzolom el a m\u0171v\u00e9szetem vil\u00e1g\u00e1ba. Id\u0151pontfoglal\u00e1s Id\u0151pontfoglal\u00e1s Miel\u0151tt id\u0151pontot foglalna k\u00e9rem olvassa el az Adatv\u00e9delmi T\u00e1j\u00e9koztat\u00f3t!<\/p>","protected":false},"author":2,"featured_media":0,"parent":0,"menu_order":0,"comment_status":"closed","ping_status":"closed","template":"","meta":{"footnotes":""},"class_list":["post-522","page","type-page","status-publish","hentry"],"yoast_head":"<!-- This site is optimized with the Yoast SEO plugin v27.5 - https:\/\/yoast.com\/product\/yoast-seo-wordpress\/ -->\n<title>Gal\u00e9ria l\u00e1togat\u00e1s - terezsulyok.hu<\/title>\n<meta name=\"description\" content=\"Foglaljon id\u0151pontot most! Alkot\u00e1saim megtekinthet\u0151ek a saj\u00e1t 102 m2 alapter\u00fclet\u0171 gal\u00e9ri\u00e1nkban, ahol szem\u00e9lyesen kalauzolom el a m\u0171v\u00e9szetem vil\u00e1g\u00e1ba.\" \/>\n<meta name=\"robots\" content=\"index, follow, max-snippet:-1, max-image-preview:large, max-video-preview:-1\" \/>\n<link rel=\"canonical\" href=\"https:\/\/terezsulyok.hu\/en\/galeria-latogatas\/\" \/>\n<meta property=\"og:locale\" content=\"en_GB\" \/>\n<meta property=\"og:type\" content=\"article\" \/>\n<meta property=\"og:title\" content=\"Gal\u00e9ria l\u00e1togat\u00e1s - terezsulyok.hu\" \/>\n<meta property=\"og:description\" content=\"Foglaljon id\u0151pontot most! Alkot\u00e1saim megtekinthet\u0151ek a saj\u00e1t 102 m2 alapter\u00fclet\u0171 gal\u00e9ri\u00e1nkban, ahol szem\u00e9lyesen kalauzolom el a m\u0171v\u00e9szetem vil\u00e1g\u00e1ba.\" \/>\n<meta property=\"og:url\" content=\"https:\/\/terezsulyok.hu\/en\/galeria-latogatas\/\" \/>\n<meta property=\"og:site_name\" content=\"terezsulyok.hu\" \/>\n<meta property=\"article:publisher\" content=\"https:\/\/www.facebook.com\/terez.sulyok.3\" \/>\n<meta property=\"article:modified_time\" content=\"2022-08-03T20:29:51+00:00\" \/>\n<meta property=\"og:image\" content=\"https:\/\/terezsulyok.hu\/wp-content\/uploads\/2022\/07\/Hero-joo.png\" \/>\n<meta name=\"twitter:card\" content=\"summary_large_image\" \/>\n<meta name=\"twitter:label1\" content=\"Estimated reading time\" \/>\n\t<meta name=\"twitter:data1\" content=\"1 minute\" \/>\n<script type=\"application\/ld+json\" class=\"yoast-schema-graph\">{\"@context\":\"https:\\\/\\\/schema.org\",\"@graph\":[{\"@type\":\"WebPage\",\"@id\":\"https:\\\/\\\/terezsulyok.hu\\\/galeria-latogatas\\\/\",\"url\":\"https:\\\/\\\/terezsulyok.hu\\\/galeria-latogatas\\\/\",\"name\":\"Gal\u00e9ria l\u00e1togat\u00e1s - terezsulyok.hu\",\"isPartOf\":{\"@id\":\"https:\\\/\\\/terezsulyok.hu\\\/#website\"},\"primaryImageOfPage\":{\"@id\":\"https:\\\/\\\/terezsulyok.hu\\\/galeria-latogatas\\\/#primaryimage\"},\"image\":{\"@id\":\"https:\\\/\\\/terezsulyok.hu\\\/galeria-latogatas\\\/#primaryimage\"},\"thumbnailUrl\":\"https:\\\/\\\/terezsulyok.hu\\\/wp-content\\\/uploads\\\/2022\\\/07\\\/Hero-joo.png\",\"datePublished\":\"2022-05-24T18:43:47+00:00\",\"dateModified\":\"2022-08-03T20:29:51+00:00\",\"description\":\"Foglaljon id\u0151pontot most! Alkot\u00e1saim megtekinthet\u0151ek a saj\u00e1t 102 m2 alapter\u00fclet\u0171 gal\u00e9ri\u00e1nkban, ahol szem\u00e9lyesen kalauzolom el a m\u0171v\u00e9szetem vil\u00e1g\u00e1ba.\",\"breadcrumb\":{\"@id\":\"https:\\\/\\\/terezsulyok.hu\\\/galeria-latogatas\\\/#breadcrumb\"},\"inLanguage\":\"en-GB\",\"potentialAction\":[{\"@type\":\"ReadAction\",\"target\":[\"https:\\\/\\\/terezsulyok.hu\\\/galeria-latogatas\\\/\"]}]},{\"@type\":\"ImageObject\",\"inLanguage\":\"en-GB\",\"@id\":\"https:\\\/\\\/terezsulyok.hu\\\/galeria-latogatas\\\/#primaryimage\",\"url\":\"https:\\\/\\\/terezsulyok.hu\\\/wp-content\\\/uploads\\\/2022\\\/07\\\/Hero-joo.png\",\"contentUrl\":\"https:\\\/\\\/terezsulyok.hu\\\/wp-content\\\/uploads\\\/2022\\\/07\\\/Hero-joo.png\"},{\"@type\":\"BreadcrumbList\",\"@id\":\"https:\\\/\\\/terezsulyok.hu\\\/galeria-latogatas\\\/#breadcrumb\",\"itemListElement\":[{\"@type\":\"ListItem\",\"position\":1,\"name\":\"Kezd\u0151lap\",\"item\":\"https:\\\/\\\/terezsulyok.hu\\\/\"},{\"@type\":\"ListItem\",\"position\":2,\"name\":\"Gal\u00e9ria l\u00e1togat\u00e1s\"}]},{\"@type\":\"WebSite\",\"@id\":\"https:\\\/\\\/terezsulyok.hu\\\/#website\",\"url\":\"https:\\\/\\\/terezsulyok.hu\\\/\",\"name\":\"terezsulyok.hu\",\"description\":\"Hidat verni a term\u00e9szetb\u0151l a k\u00e9p fel\u00e9, a k\u00fcls\u0151b\u0151l a bels\u0151be. A m\u0171v\u00e9sz feladata, hogy a saj\u00e1tos eszk\u00f6zeivel l\u00e1thatatlant l\u00e1that\u00f3v\u00e1 tegye.\",\"publisher\":{\"@id\":\"https:\\\/\\\/terezsulyok.hu\\\/#\\\/schema\\\/person\\\/f4cb2fc5228237f9f502d346ce8adb36\"},\"potentialAction\":[{\"@type\":\"SearchAction\",\"target\":{\"@type\":\"EntryPoint\",\"urlTemplate\":\"https:\\\/\\\/terezsulyok.hu\\\/?s={search_term_string}\"},\"query-input\":{\"@type\":\"PropertyValueSpecification\",\"valueRequired\":true,\"valueName\":\"search_term_string\"}}],\"inLanguage\":\"en-GB\"},{\"@type\":[\"Person\",\"Organization\"],\"@id\":\"https:\\\/\\\/terezsulyok.hu\\\/#\\\/schema\\\/person\\\/f4cb2fc5228237f9f502d346ce8adb36\",\"name\":\"SulyokTerez\",\"image\":{\"@type\":\"ImageObject\",\"inLanguage\":\"en-GB\",\"@id\":\"https:\\\/\\\/terezsulyok.hu\\\/wp-content\\\/uploads\\\/2022\\\/05\\\/s-122-\u00d7-60-keppont-205-\u00d7-100-keppont-500-\u00d7-300-keppont-350-\u00d7-100-keppont-1.png\",\"url\":\"https:\\\/\\\/terezsulyok.hu\\\/wp-content\\\/uploads\\\/2022\\\/05\\\/s-122-\u00d7-60-keppont-205-\u00d7-100-keppont-500-\u00d7-300-keppont-350-\u00d7-100-keppont-1.png\",\"contentUrl\":\"https:\\\/\\\/terezsulyok.hu\\\/wp-content\\\/uploads\\\/2022\\\/05\\\/s-122-\u00d7-60-keppont-205-\u00d7-100-keppont-500-\u00d7-300-keppont-350-\u00d7-100-keppont-1.png\",\"width\":350,\"height\":100,\"caption\":\"SulyokTerez\"},\"logo\":{\"@id\":\"https:\\\/\\\/terezsulyok.hu\\\/wp-content\\\/uploads\\\/2022\\\/05\\\/s-122-\u00d7-60-keppont-205-\u00d7-100-keppont-500-\u00d7-300-keppont-350-\u00d7-100-keppont-1.png\"},\"sameAs\":[\"https:\\\/\\\/terezsulyok.hu\",\"https:\\\/\\\/www.facebook.com\\\/terez.sulyok.3\"]}]}<\/script>\n<!-- \/ Yoast SEO plugin. -->","yoast_head_json":{"title":"Gal\u00e9ria l\u00e1togat\u00e1s - terezsulyok.hu","description":"Foglaljon id\u0151pontot most! Alkot\u00e1saim megtekinthet\u0151ek a saj\u00e1t 102 m2 alapter\u00fclet\u0171 gal\u00e9ri\u00e1nkban, ahol szem\u00e9lyesen kalauzolom el a m\u0171v\u00e9szetem vil\u00e1g\u00e1ba.","robots":{"index":"index","follow":"follow","max-snippet":"max-snippet:-1","max-image-preview":"max-image-preview:large","max-video-preview":"max-video-preview:-1"},"canonical":"https:\/\/terezsulyok.hu\/en\/galeria-latogatas\/","og_locale":"en_GB","og_type":"article","og_title":"Gal\u00e9ria l\u00e1togat\u00e1s - terezsulyok.hu","og_description":"Foglaljon id\u0151pontot most! Alkot\u00e1saim megtekinthet\u0151ek a saj\u00e1t 102 m2 alapter\u00fclet\u0171 gal\u00e9ri\u00e1nkban, ahol szem\u00e9lyesen kalauzolom el a m\u0171v\u00e9szetem vil\u00e1g\u00e1ba.","og_url":"https:\/\/terezsulyok.hu\/en\/galeria-latogatas\/","og_site_name":"terezsulyok.hu","article_publisher":"https:\/\/www.facebook.com\/terez.sulyok.3","article_modified_time":"2022-08-03T20:29:51+00:00","og_image":[{"url":"https:\/\/terezsulyok.hu\/wp-content\/uploads\/2022\/07\/Hero-joo.png","type":"","width":"","height":""}],"twitter_card":"summary_large_image","twitter_misc":{"Estimated reading time":"1 minute"},"schema":{"@context":"https:\/\/schema.org","@graph":[{"@type":"WebPage","@id":"https:\/\/terezsulyok.hu\/galeria-latogatas\/","url":"https:\/\/terezsulyok.hu\/galeria-latogatas\/","name":"Gal\u00e9ria l\u00e1togat\u00e1s - terezsulyok.hu","isPartOf":{"@id":"https:\/\/terezsulyok.hu\/#website"},"primaryImageOfPage":{"@id":"https:\/\/terezsulyok.hu\/galeria-latogatas\/#primaryimage"},"image":{"@id":"https:\/\/terezsulyok.hu\/galeria-latogatas\/#primaryimage"},"thumbnailUrl":"https:\/\/terezsulyok.hu\/wp-content\/uploads\/2022\/07\/Hero-joo.png","datePublished":"2022-05-24T18:43:47+00:00","dateModified":"2022-08-03T20:29:51+00:00","description":"Foglaljon id\u0151pontot most! Alkot\u00e1saim megtekinthet\u0151ek a saj\u00e1t 102 m2 alapter\u00fclet\u0171 gal\u00e9ri\u00e1nkban, ahol szem\u00e9lyesen kalauzolom el a m\u0171v\u00e9szetem vil\u00e1g\u00e1ba.","breadcrumb":{"@id":"https:\/\/terezsulyok.hu\/galeria-latogatas\/#breadcrumb"},"inLanguage":"en-GB","potentialAction":[{"@type":"ReadAction","target":["https:\/\/terezsulyok.hu\/galeria-latogatas\/"]}]},{"@type":"ImageObject","inLanguage":"en-GB","@id":"https:\/\/terezsulyok.hu\/galeria-latogatas\/#primaryimage","url":"https:\/\/terezsulyok.hu\/wp-content\/uploads\/2022\/07\/Hero-joo.png","contentUrl":"https:\/\/terezsulyok.hu\/wp-content\/uploads\/2022\/07\/Hero-joo.png"},{"@type":"BreadcrumbList","@id":"https:\/\/terezsulyok.hu\/galeria-latogatas\/#breadcrumb","itemListElement":[{"@type":"ListItem","position":1,"name":"Kezd\u0151lap","item":"https:\/\/terezsulyok.hu\/"},{"@type":"ListItem","position":2,"name":"Gal\u00e9ria l\u00e1togat\u00e1s"}]},{"@type":"WebSite","@id":"https:\/\/terezsulyok.hu\/#website","url":"https:\/\/terezsulyok.hu\/","name":"terezsulyok.hu","description":"Hidat verni a term\u00e9szetb\u0151l a k\u00e9p fel\u00e9, a k\u00fcls\u0151b\u0151l a bels\u0151be. A m\u0171v\u00e9sz feladata, hogy a saj\u00e1tos eszk\u00f6zeivel l\u00e1thatatlant l\u00e1that\u00f3v\u00e1 tegye.","publisher":{"@id":"https:\/\/terezsulyok.hu\/#\/schema\/person\/f4cb2fc5228237f9f502d346ce8adb36"},"potentialAction":[{"@type":"SearchAction","target":{"@type":"EntryPoint","urlTemplate":"https:\/\/terezsulyok.hu\/?s={search_term_string}"},"query-input":{"@type":"PropertyValueSpecification","valueRequired":true,"valueName":"search_term_string"}}],"inLanguage":"en-GB"},{"@type":["Person","Organization"],"@id":"https:\/\/terezsulyok.hu\/#\/schema\/person\/f4cb2fc5228237f9f502d346ce8adb36","name":"SulyokTerez","image":{"@type":"ImageObject","inLanguage":"en-GB","@id":"https:\/\/terezsulyok.hu\/wp-content\/uploads\/2022\/05\/s-122-\u00d7-60-keppont-205-\u00d7-100-keppont-500-\u00d7-300-keppont-350-\u00d7-100-keppont-1.png","url":"https:\/\/terezsulyok.hu\/wp-content\/uploads\/2022\/05\/s-122-\u00d7-60-keppont-205-\u00d7-100-keppont-500-\u00d7-300-keppont-350-\u00d7-100-keppont-1.png","contentUrl":"https:\/\/terezsulyok.hu\/wp-content\/uploads\/2022\/05\/s-122-\u00d7-60-keppont-205-\u00d7-100-keppont-500-\u00d7-300-keppont-350-\u00d7-100-keppont-1.png","width":350,"height":100,"caption":"SulyokTerez"},"logo":{"@id":"https:\/\/terezsulyok.hu\/wp-content\/uploads\/2022\/05\/s-122-\u00d7-60-keppont-205-\u00d7-100-keppont-500-\u00d7-300-keppont-350-\u00d7-100-keppont-1.png"},"sameAs":["https:\/\/terezsulyok.hu","https:\/\/www.facebook.com\/terez.sulyok.3"]}]}},"_links":{"self":[{"href":"https:\/\/terezsulyok.hu\/en\/wp-json\/wp\/v2\/pages\/522","targetHints":{"allow":["GET"]}}],"collection":[{"href":"https:\/\/terezsulyok.hu\/en\/wp-json\/wp\/v2\/pages"}],"about":[{"href":"https:\/\/terezsulyok.hu\/en\/wp-json\/wp\/v2\/types\/page"}],"author":[{"embeddable":true,"href":"https:\/\/terezsulyok.hu\/en\/wp-json\/wp\/v2\/users\/2"}],"replies":[{"embeddable":true,"href":"https:\/\/terezsulyok.hu\/en\/wp-json\/wp\/v2\/comments?post=522"}],"version-history":[{"count":10,"href":"https:\/\/terezsulyok.hu\/en\/wp-json\/wp\/v2\/pages\/522\/revisions"}],"predecessor-version":[{"id":1687,"href":"https:\/\/terezsulyok.hu\/en\/wp-json\/wp\/v2\/pages\/522\/revisions\/1687"}],"wp:attachment":[{"href":"https:\/\/terezsulyok.hu\/en\/wp-json\/wp\/v2\/media?parent=522"}],"curies":[{"name":"wp","href":"https:\/\/api.w.org\/{rel}","templated":true}]}}